{"id":5924,"date":"2022-01-21T09:34:18","date_gmt":"2022-01-21T09:34:18","guid":{"rendered":"https:\/\/www.sannytelecom.com\/?page_id=5924"},"modified":"2022-01-23T00:35:04","modified_gmt":"2022-01-23T00:35:04","slug":"privacy-policy","status":"publish","type":"page","link":"https:\/\/www.sannytelecom.com\/fr_ca\/privacy-policy\/","title":{"rendered":"Politique de confidentialit\u00e9"},"content":{"rendered":"<div data-elementor-type=\"wp-page\" data-elementor-id=\"5924\" class=\"elementor elementor-5924\" data-elementor-post-type=\"page\">\n\t\t\t\t\t\t<section class=\"has_ae_slider elementor-section elementor-top-section elementor-element elementor-element-8439275 elementor-section-content-middle elementor-section-boxed elementor-section-height-default elementor-section-height-default ae-bg-gallery-type-default\" data-id=\"8439275\" data-element_type=\"section\" data-e-type=\"section\" data-settings=\"{&quot;background_background&quot;:&quot;classic&quot;}\">\n\t\t\t\t\t\t<div class=\"elementor-container elementor-column-gap-default\">\n\t\t\t\t\t<div class=\"has_ae_slider elementor-column elementor-col-100 elementor-top-column elementor-element elementor-element-22676eb ae-bg-gallery-type-default\" data-id=\"22676eb\" data-element_type=\"column\" data-e-type=\"column\" data-settings=\"{&quot;background_background&quot;:&quot;classic&quot;}\">\n\t\t\t<div class=\"elementor-widget-wrap elementor-element-populated\">\n\t\t\t\t\t\t<div class=\"elementor-element elementor-element-aed8392 elementor-widget elementor-widget-heading\" data-id=\"aed8392\" data-element_type=\"widget\" data-e-type=\"widget\" data-widget_type=\"heading.default\">\n\t\t\t\t<div class=\"elementor-widget-container\">\n\t\t\t\t\t<h2 class=\"elementor-heading-title elementor-size-default\">Politique de Confidentialit\u00e9 de Sanny Telecom<\/h2>\t\t\t\t<\/div>\n\t\t\t\t<\/div>\n\t\t\t\t<div class=\"elementor-element elementor-element-cf97edd elementor-widget elementor-widget-spacer\" data-id=\"cf97edd\" data-element_type=\"widget\" data-e-type=\"widget\" data-widget_type=\"spacer.default\">\n\t\t\t\t<div class=\"elementor-widget-container\">\n\t\t\t\t\t\t\t<div class=\"elementor-spacer\">\n\t\t\t<div class=\"elementor-spacer-inner\"><\/div>\n\t\t<\/div>\n\t\t\t\t\t\t<\/div>\n\t\t\t\t<\/div>\n\t\t\t\t<div class=\"elementor-element elementor-element-6e347d3 elementor-widget elementor-widget-html\" data-id=\"6e347d3\" data-element_type=\"widget\" data-e-type=\"widget\" data-widget_type=\"html.default\">\n\t\t\t\t<div class=\"elementor-widget-container\">\n\t\t\t\t\t\r\n<p>Derni\u00e8re mise \u00e0 jour : 21 janvier 2022<\/p>\r\n<p>Cette Politique de Confidentialit\u00e9 d\u00e9crit nos politiques et proc\u00e9dures concernant la collecte, l'utilisation et la divulgation de vos informations lorsque vous utilisez le Service et vous informe de vos droits en mati\u00e8re de confidentialit\u00e9 et de la fa\u00e7on dont la loi vous prot\u00e8ge.<\/p>\r\n<p>Nous utilisons vos donn\u00e9es personnelles pour fournir et am\u00e9liorer le Service. En utilisant le Service, vous acceptez la collecte et l'utilisation des informations conform\u00e9ment \u00e0 cette Politique de Confidentialit\u00e9. Cette Politique de Confidentialit\u00e9 a \u00e9t\u00e9 cr\u00e9\u00e9e avec l'aide du <a href=\"https:\/\/www.privacypolicies.com\/blog\/privacy-policy-template\/\" target=\"_blank\">Mod\u00e8le de Politique de Confidentialit\u00e9<\/a>.<\/p>\r\n<h1>Interpr\u00e9tation et D\u00e9finitions<\/h1>\r\n<h2>Interpr\u00e9tation<\/h2>\r\n<p>Les mots dont la premi\u00e8re lettre est en majuscule ont des significations d\u00e9finies dans les conditions suivantes. Les d\u00e9finitions suivantes auront la m\u00eame signification, qu'elles apparaissent au singulier ou au pluriel.<\/p>\r\n<h2>D\u00e9finitions<\/h2>\r\n<p>Aux fins de cette Politique de Confidentialit\u00e9 :<\/p>\r\n<ul>\r\n<li>\r\n<p><strong>Compte<\/strong> d\u00e9signe un compte unique cr\u00e9\u00e9 pour vous permettre d'acc\u00e9der \u00e0 notre Service ou \u00e0 certaines parties de celui-ci.<\/p>\r\n<\/li>\r\n<li>\r\n<p><strong>Entreprise<\/strong> (d\u00e9sign\u00e9 par \"la Soci\u00e9t\u00e9\", \"Nous\", \"Notre\" ou \"Nos\" dans cet Accord) fait r\u00e9f\u00e9rence \u00e0 Sanny Telecom Equipment Co.,Ltd, 202 2\u00e8me \u00e9tage, B\u00e2timent 3 Section B, Zone Industrielle de Shihuzhou, Sanshui, Foshan 528100, Guangdong, Chine.<\/p>\r\n<\/li>\r\n<li>\r\n<p><strong>Cookies<\/strong> sont de petits fichiers qui sont plac\u00e9s sur votre ordinateur, appareil mobile ou tout autre appareil par un site web, contenant les d\u00e9tails de votre historique de navigation sur ce site parmi ses nombreuses utilisations.<\/p>\r\n<\/li>\r\n<li>\r\n<p><strong>Pays<\/strong> se r\u00e9f\u00e8re \u00e0 : France<\/p>\r\n<\/li>\r\n<li>\r\n<p><strong>Appareil<\/strong> d\u00e9signe tout appareil pouvant acc\u00e9der au Service, comme un ordinateur, un t\u00e9l\u00e9phone portable ou une tablette num\u00e9rique.<\/p>\r\n<\/li>\r\n<li>\r\n<p><strong>Donn\u00e9es Personnelles<\/strong> est toute information qui concerne une personne identifi\u00e9e ou identifiable.<\/p>\r\n<\/li>\r\n<li>\r\n<p><strong>Service<\/strong> se r\u00e9f\u00e8re au Site Web.<\/p>\r\n<\/li>\r\n<li>\r\n<p><strong>Fournisseur de services<\/strong> d\u00e9signe toute personne physique ou morale qui traite les donn\u00e9es pour le compte de la Soci\u00e9t\u00e9. Il s'agit de soci\u00e9t\u00e9s ou d'individus tiers employ\u00e9s par la Soci\u00e9t\u00e9 pour faciliter le Service, fournir le Service au nom de la Soci\u00e9t\u00e9, effectuer des services li\u00e9s au Service ou aider la Soci\u00e9t\u00e9 \u00e0 analyser l'utilisation du Service.<\/p>\r\n<\/li>\r\n<li>\r\n<p><strong>Donn\u00e9es d'utilisation<\/strong> se r\u00e9f\u00e8re aux donn\u00e9es collect\u00e9es automatiquement, soit g\u00e9n\u00e9r\u00e9es par l'utilisation du Service, soit provenant de l'infrastructure du Service elle-m\u00eame (par exemple, la dur\u00e9e d'une visite de page).<\/p>\r\n<\/li>\r\n<li>\r\n<p><strong>Site Web<\/strong> se r\u00e9f\u00e8re \u00e0 Sanny Telecom, accessible depuis <a href=\"https:\/\/www.sannytelecom.com\/fr_ca\/\" rel=\"external nofollow noopener\" target=\"_blank\">https:\/\/www.sannytelecom.com\/<\/a><\/p>\r\n<\/li>\r\n<li>\r\n<p><strong>Vous<\/strong> d\u00e9signe la personne physique acc\u00e9dant ou utilisant le Service, ou la soci\u00e9t\u00e9, ou toute autre entit\u00e9 juridique pour le compte de laquelle cette personne acc\u00e8de ou utilise le Service, selon le cas.<\/p>\r\n<\/li>\r\n<\/ul>\r\n<h1>Collecte et utilisation de vos donn\u00e9es personnelles<\/h1>\r\n<h2>Types de donn\u00e9es collect\u00e9es<\/h2>\r\n<h3>Donn\u00e9es Personnelles<\/h3>\r\n<p>Lors de l'utilisation de notre Service, nous pouvons vous demander de nous fournir certaines informations personnelles identifiables qui peuvent \u00eatre utilis\u00e9es pour vous contacter ou vous identifier. Les informations personnelles identifiables peuvent inclure, mais ne sont pas limit\u00e9es \u00e0 :<\/p>\r\n<ul>\r\n<li>\r\n<p>Adresse e-mail<\/p>\r\n<\/li>\r\n<li>\r\n<p>Pr\u00e9nom et nom de famille<\/p>\r\n<\/li>\r\n<li>\r\n<p>Num\u00e9ro de t\u00e9l\u00e9phone<\/p>\r\n<\/li>\r\n<li>\r\n<p>Donn\u00e9es d'utilisation<\/p>\r\n<\/li>\r\n<\/ul>\r\n<h3>Donn\u00e9es d'utilisation<\/h3>\r\n<p>Les donn\u00e9es d'utilisation sont collect\u00e9es automatiquement lors de l'utilisation du Service.<\/p>\r\n<p>Les donn\u00e9es d'utilisation peuvent inclure des informations telles que l'adresse IP de votre appareil, le type de navigateur, la version du navigateur, les pages de notre Service que vous visitez, la date et l'heure de votre visite, le temps pass\u00e9 sur ces pages, des identifiants uniques de l'appareil et d'autres donn\u00e9es de diagnostic.<\/p>\r\n<p>Lorsque vous acc\u00e9dez au Service via ou par un appareil mobile, nous pouvons collecter certaines informations automatiquement, y compris, mais sans s'y limiter, le type d'appareil mobile que vous utilisez, l'ID unique de votre appareil mobile, l'adresse IP de votre appareil mobile, le syst\u00e8me d'exploitation de votre mobile, le type de navigateur Internet mobile que vous utilisez, des identifiants uniques de l'appareil et d'autres donn\u00e9es de diagnostic.<\/p>\r\n<p>Nous pouvons \u00e9galement collecter des informations que votre navigateur envoie chaque fois que vous visitez notre Service ou lorsque vous acc\u00e9dez au Service via ou par un appareil mobile.<\/p>\r\n<h3>Technologies de suivi et cookies<\/h3>\r\n<p>Nous utilisons des cookies et des technologies de suivi similaires pour suivre l'activit\u00e9 sur Notre Service et stocker certaines informations. Les technologies de suivi utilis\u00e9es sont des balises, des tags et des scripts pour collecter et suivre des informations, ainsi que pour am\u00e9liorer et analyser Notre Service. Les technologies que Nous utilisons peuvent inclure :<\/p>\r\n<ul>\r\n<li><strong>Cookies ou Cookies du Navigateur.<\/strong> Un cookie est un petit fichier plac\u00e9 sur Votre Appareil. Vous pouvez demander \u00e0 votre navigateur de refuser tous les Cookies ou d'indiquer quand un Cookie est envoy\u00e9. Cependant, si vous n'acceptez pas les Cookies, il se peut que vous ne puissiez pas utiliser certaines parties de notre Service. \u00c0 moins que vous n'ayez modifi\u00e9 les param\u00e8tres de votre navigateur pour qu'il refuse les Cookies, notre Service peut utiliser des Cookies.<\/li>\r\n<li><strong>Cookies Flash.<\/strong> Certaines fonctionnalit\u00e9s de notre Service peuvent utiliser des objets stock\u00e9s localement (ou Cookies Flash) pour collecter et stocker des informations sur vos pr\u00e9f\u00e9rences ou votre activit\u00e9 sur notre Service. Les Cookies Flash ne sont pas g\u00e9r\u00e9s par les m\u00eames param\u00e8tres de navigateur que ceux utilis\u00e9s pour les Cookies du Navigateur. Pour plus d'informations sur la fa\u00e7on dont vous pouvez supprimer les Cookies Flash, veuillez lire \"O\u00f9 puis-je modifier les param\u00e8tres pour d\u00e9sactiver ou supprimer les objets partag\u00e9s locaux ?\" disponible \u00e0 <a href=\"https:\/\/helpx.adobe.com\/flash-player\/kb\/disable-local-shared-objects-flash.html#main_Where_can_I_change_the_settings_for_disabling__or_deleting_local_shared_objects_\" rel=\"external nofollow noopener\" target=\"_blank\">https:\/\/helpx.adobe.com\/flash-player\/kb\/disable-local-shared-objects-flash.html#main_Where_can_I_change_the_settings_for_disabling__or_deleting_local_shared_objects_<\/a><\/li>\r\n<li><strong>Balises Web.<\/strong> Certaines sections de notre Service et nos e-mails peuvent contenir de petits fichiers \u00e9lectroniques appel\u00e9s balises web (\u00e9galement appel\u00e9es gifs clairs, balises pixel et gifs \u00e0 pixel unique) qui permettent \u00e0 la Soci\u00e9t\u00e9, par exemple, de compter le nombre d'utilisateurs ayant visit\u00e9 ces pages ou ouvert un e-mail, ainsi que pour d'autres statistiques li\u00e9es au site web (par exemple, enregistrer la popularit\u00e9 d'une certaine section et v\u00e9rifier l'int\u00e9grit\u00e9 du syst\u00e8me et du serveur).<\/li>\r\n<\/ul>\r\n<p>Les cookies peuvent \u00eatre \"Persistants\" ou \"De Session\". Les Cookies Persistants restent sur votre ordinateur personnel ou votre appareil mobile lorsque vous \u00eates hors ligne, tandis que les Cookies de Session sont supprim\u00e9s d\u00e8s que vous fermez votre navigateur web. En savoir plus sur les cookies : <a href=\"https:\/\/www.privacypolicies.com\/blog\/privacy-policy-template\/#Use_Of_Cookies_Log_Files_And_Tracking\" target=\"_blank\">Cookies par le G\u00e9n\u00e9rateur de Politiques de Confidentialit\u00e9<\/a>.<\/p>\r\n<p>Nous utilisons \u00e0 la fois des Cookies de Session et Persistants pour les objectifs d\u00e9crits ci-dessous :<\/p>\r\n<ul>\r\n<li>\r\n<p><strong>Cookies N\u00e9cessaires \/ Essentiels<\/strong><\/p>\r\n<p>Type : Cookies de Session<\/p>\r\n<p>G\u00e9r\u00e9s par : Nous<\/p>\r\n<p>Objectif : Ces Cookies sont essentiels pour vous fournir les services disponibles via le Site Web et pour vous permettre d'utiliser certaines de ses fonctionnalit\u00e9s. Ils aident \u00e0 authentifier les utilisateurs et \u00e0 pr\u00e9venir l'utilisation frauduleuse des comptes utilisateur. Sans ces Cookies, les services que vous avez demand\u00e9s ne peuvent pas \u00eatre fournis, et Nous utilisons uniquement ces Cookies pour vous fournir ces services.<\/p>\r\n<\/li>\r\n<li>\r\n<p><strong>Cookies d'Acceptation de la Politique \/ Avis<\/strong><\/p>\r\n<p>Type : Cookies Persistants<\/p>\r\n<p>G\u00e9r\u00e9s par : Nous<\/p>\r\n<p>Objectif : Ces Cookies identifient si les utilisateurs ont accept\u00e9 l'utilisation des cookies sur le Site Web.<\/p>\r\n<\/li>\r\n<li>\r\n<p><strong>Cookies de Fonctionnalit\u00e9<\/strong><\/p>\r\n<p>Type : Cookies Persistants<\/p>\r\n<p>G\u00e9r\u00e9s par : Nous<\/p>\r\n<p>Objectif : Ces Cookies nous permettent de m\u00e9moriser les choix que vous faites lorsque vous utilisez le Site Web, comme m\u00e9moriser vos identifiants de connexion ou votre pr\u00e9f\u00e9rence de langue. L'objectif de ces Cookies est de vous offrir une exp\u00e9rience plus personnalis\u00e9e et d'\u00e9viter que vous ayez \u00e0 ressaisir vos pr\u00e9f\u00e9rences \u00e0 chaque utilisation du Site Web.<\/p>\r\n<\/li>\r\n<\/ul>\r\n<p>Pour plus d'informations sur les cookies que nous utilisons et vos choix concernant les cookies, veuillez consulter notre Politique de Cookies ou la section Cookies de notre Politique de Confidentialit\u00e9.<\/p>\r\n<h2>Utilisation de vos donn\u00e9es personnelles<\/h2>\r\n<p>La soci\u00e9t\u00e9 peut utiliser les donn\u00e9es personnelles aux fins suivantes :<\/p>\r\n<ul>\r\n<li>\r\n<p><strong>Pour fournir et maintenir notre service<\/strong>, y compris pour surveiller l'utilisation de notre service.<\/p>\r\n<\/li>\r\n<li>\r\n<p><strong>Pour g\u00e9rer votre compte :<\/strong> pour g\u00e9rer votre inscription en tant qu'utilisateur du service. Les donn\u00e9es personnelles que vous fournissez peuvent vous donner acc\u00e8s \u00e0 diff\u00e9rentes fonctionnalit\u00e9s du service qui sont disponibles pour vous en tant qu'utilisateur inscrit.<\/p>\r\n<\/li>\r\n<li>\r\n<p><strong>Pour l'ex\u00e9cution d'un contrat :<\/strong> le d\u00e9veloppement, la conformit\u00e9 et la r\u00e9alisation du contrat d'achat des produits, articles ou services que vous avez achet\u00e9s ou de tout autre contrat avec nous via le service.<\/p>\r\n<\/li>\r\n<li>\r\n<p><strong>Pour vous contacter :<\/strong> pour vous contacter par email, appels t\u00e9l\u00e9phoniques, SMS ou autres formes \u00e9quivalentes de communication \u00e9lectronique, telles que les notifications push d'une application mobile concernant des mises \u00e0 jour ou des communications informatives li\u00e9es aux fonctionnalit\u00e9s, produits ou services contract\u00e9s, y compris les mises \u00e0 jour de s\u00e9curit\u00e9, lorsque cela est n\u00e9cessaire ou raisonnable pour leur mise en \u0153uvre.<\/p>\r\n<\/li>\r\n<li>\r\n<p><strong>Pour vous fournir<\/strong> des actualit\u00e9s, offres sp\u00e9ciales et informations g\u00e9n\u00e9rales sur d'autres biens, services et \u00e9v\u00e9nements que nous proposons et qui sont similaires \u00e0 ceux que vous avez d\u00e9j\u00e0 achet\u00e9s ou pour lesquels vous avez manifest\u00e9 de l'int\u00e9r\u00eat, sauf si vous avez choisi de ne pas recevoir ces informations.<\/p>\r\n<\/li>\r\n<li>\r\n<p><strong>Pour g\u00e9rer vos demandes :<\/strong> pour r\u00e9pondre et g\u00e9rer vos demandes aupr\u00e8s de nous.<\/p>\r\n<\/li>\r\n<li>\r\n<p><strong>Pour les transferts d'entreprise :<\/strong> Nous pouvons utiliser vos informations pour \u00e9valuer ou r\u00e9aliser une fusion, une cession, une restructuration, une r\u00e9organisation, une dissolution ou toute autre vente ou transfert de certains ou de tous nos actifs, que ce soit en tant qu'entreprise en activit\u00e9 ou dans le cadre d'une faillite, liquidation ou proc\u00e9dure similaire, dans laquelle les donn\u00e9es personnelles d\u00e9tenues par nous concernant nos utilisateurs du service font partie des actifs transf\u00e9r\u00e9s.<\/p>\r\n<\/li>\r\n<li>\r\n<p><strong>\u00c0 d'autres fins<\/strong>: Nous pouvons utiliser vos informations \u00e0 d'autres fins, telles que l'analyse de donn\u00e9es, l'identification des tendances d'utilisation, la d\u00e9termination de l'efficacit\u00e9 de nos campagnes promotionnelles et l'\u00e9valuation et l'am\u00e9lioration de notre service, de nos produits, services, marketing et de votre exp\u00e9rience.<\/p>\r\n<\/li>\r\n<\/ul>\r\n<p>Nous pouvons partager vos informations personnelles dans les situations suivantes :<\/p>\r\n<ul>\r\n<li><strong>Avec les prestataires de services :<\/strong> Nous pouvons partager Vos informations personnelles avec des Prestataires de services pour surveiller et analyser l'utilisation de notre Service, vous contacter.<\/li>\r\n<li><strong>Pour les transferts d'entreprise :<\/strong> Nous pouvons partager ou transf\u00e9rer Vos informations personnelles dans le cadre de, ou lors de n\u00e9gociations concernant, toute fusion, vente d'actifs de la Soci\u00e9t\u00e9, financement ou acquisition de tout ou partie de notre activit\u00e9 \u00e0 une autre soci\u00e9t\u00e9.<\/li>\r\n<li><strong>Avec les Affili\u00e9s :<\/strong> Nous pouvons partager Vos informations avec nos affili\u00e9s, auquel cas nous exigerons que ces affili\u00e9s respectent cette Politique de Confidentialit\u00e9. Les affili\u00e9s incluent notre soci\u00e9t\u00e9 m\u00e8re et toute autre filiale, partenaire de coentreprise ou autre soci\u00e9t\u00e9 que nous contr\u00f4lons ou qui est sous contr\u00f4le commun avec nous.<\/li>\r\n<li><strong>Avec des partenaires commerciaux :<\/strong> Nous pouvons partager Vos informations avec nos partenaires commerciaux pour vous offrir certains produits, services ou promotions.<\/li>\r\n<li><strong>Avec d'autres utilisateurs :<\/strong> Lorsque Vous partagez des informations personnelles ou interagissez autrement dans les espaces publics avec d'autres utilisateurs, ces informations peuvent \u00eatre consult\u00e9es par tous les utilisateurs et peuvent \u00eatre diffus\u00e9es publiquement \u00e0 l'ext\u00e9rieur.<\/li>\r\n<li><strong>Avec votre consentement<\/strong>: Nous pouvons divulguer Vos informations personnelles \u00e0 toute autre fin avec votre consentement.<\/li>\r\n<\/ul>\r\n<h2>Retention de Vos Donn\u00e9es Personnelles<\/h2>\r\n<p>La Soci\u00e9t\u00e9 ne conservera Vos Donn\u00e9es Personnelles que pendant la dur\u00e9e n\u00e9cessaire aux finalit\u00e9s \u00e9nonc\u00e9es dans cette Politique de Confidentialit\u00e9. Nous conserverons et utiliserons Vos Donn\u00e9es Personnelles dans la mesure n\u00e9cessaire pour respecter nos obligations l\u00e9gales (par exemple, si nous sommes tenus de conserver vos donn\u00e9es pour respecter les lois applicables), r\u00e9soudre des litiges et faire respecter nos accords et politiques l\u00e9gaux.<\/p>\r\n<p>La Soci\u00e9t\u00e9 conservera \u00e9galement des Donn\u00e9es d'Utilisation \u00e0 des fins d'analyse interne. Les Donn\u00e9es d'Utilisation sont g\u00e9n\u00e9ralement conserv\u00e9es pour une p\u00e9riode plus courte, sauf lorsque ces donn\u00e9es sont utilis\u00e9es pour renforcer la s\u00e9curit\u00e9 ou am\u00e9liorer la fonctionnalit\u00e9 de Notre Service, ou lorsque nous sommes l\u00e9galement oblig\u00e9s de conserver ces donn\u00e9es plus longtemps.<\/p>\r\n<h2>Transfert de Vos Donn\u00e9es Personnelles<\/h2>\r\n<p>Vos informations, y compris les Donn\u00e9es Personnelles, sont trait\u00e9es dans les bureaux op\u00e9rationnels de la Soci\u00e9t\u00e9 et dans tout autre lieu o\u00f9 se trouvent les parties impliqu\u00e9es dans le traitement. Cela signifie que ces informations peuvent \u00eatre transf\u00e9r\u00e9es \u2014 et conserv\u00e9es \u2014 sur des ordinateurs situ\u00e9s en dehors de votre r\u00e9gion, province, pays ou autre juridiction gouvernementale o\u00f9 les lois sur la protection des donn\u00e9es peuvent diff\u00e9rer de celles de votre r\u00e9gion.<\/p>\r\n<p>Votre consentement \u00e0 cette Politique de Confidentialit\u00e9, suivi de votre soumission de telles informations, repr\u00e9sente votre accord \u00e0 ce transfert.<\/p>\r\n<p>La Soci\u00e9t\u00e9 prendra toutes les mesures raisonnablement n\u00e9cessaires pour garantir que vos donn\u00e9es soient trait\u00e9es en toute s\u00e9curit\u00e9 et conform\u00e9ment \u00e0 cette Politique de Confidentialit\u00e9, et aucun transfert de Vos Donn\u00e9es Personnelles ne sera effectu\u00e9 \u00e0 une organisation ou un pays sauf si des contr\u00f4les ad\u00e9quats sont en place, notamment la s\u00e9curit\u00e9 de vos donn\u00e9es et autres informations personnelles.<\/p>\r\n<h2>Divulgation de Vos Donn\u00e9es Personnelles<\/h2>\r\n<h3>Transactions Commerciales<\/h3>\r\n<p>Si la Soci\u00e9t\u00e9 est impliqu\u00e9e dans une fusion, acquisition ou vente d'actifs, Vos Donn\u00e9es Personnelles peuvent \u00eatre transf\u00e9r\u00e9es. Nous vous informerons avant que Vos Donn\u00e9es Personnelles ne soient transf\u00e9r\u00e9es et qu'elles deviennent soumises \u00e0 une politique de confidentialit\u00e9 diff\u00e9rente.<\/p>\r\n<h3>Application de la loi<\/h3>\r\n<p>Dans certaines circonstances, la Soci\u00e9t\u00e9 peut \u00eatre tenue de divulguer Vos Donn\u00e9es Personnelles si la loi l'exige ou en r\u00e9ponse \u00e0 des demandes valides des autorit\u00e9s publiques (par exemple, un tribunal ou une agence gouvernementale).<\/p>\r\n<h3>Autres exigences l\u00e9gales<\/h3>\r\n<p>La Soci\u00e9t\u00e9 peut divulguer Vos Donn\u00e9es Personnelles en toute bonne foi si elle croit que cette action est n\u00e9cessaire pour :<\/p>\r\n<ul>\r\n<li>Se conformer \u00e0 une obligation l\u00e9gale<\/li>\r\n<li>Prot\u00e9ger et d\u00e9fendre les droits ou la propri\u00e9t\u00e9 de la Soci\u00e9t\u00e9<\/li>\r\n<li>Pr\u00e9venir ou enqu\u00eater sur d'\u00e9ventuelles infractions en lien avec le Service<\/li>\r\n<li>Prot\u00e9ger la s\u00e9curit\u00e9 personnelle des Utilisateurs du Service ou du public<\/li>\r\n<li>Se pr\u00e9munir contre la responsabilit\u00e9 juridique<\/li>\r\n<\/ul>\r\n<h2>S\u00e9curit\u00e9 de Vos Donn\u00e9es Personnelles<\/h2>\r\n<p>La s\u00e9curit\u00e9 de Vos Donn\u00e9es Personnelles est importante pour Nous, mais rappelez-vous qu'aucune m\u00e9thode de transmission sur Internet, ni m\u00e9thode de stockage \u00e9lectronique n'est totalement s\u00e9curis\u00e9e. Bien que Nous nous effor\u00e7ons d'utiliser des moyens commercialement acceptables pour prot\u00e9ger Vos Donn\u00e9es Personnelles, Nous ne pouvons garantir leur s\u00e9curit\u00e9 absolue.<\/p>\r\n<h1>Confidentialit\u00e9 des Enfants<\/h1>\r\n<p>Notre Service ne s'adresse pas aux personnes de moins de 13 ans. Nous ne recueillons pas intentionnellement d'informations personnellement identifiables aupr\u00e8s de personnes de moins de 13 ans. Si Vous \u00eates un parent ou un tuteur et que vous savez que Votre enfant nous a fourni des Donn\u00e9es Personnelles, veuillez nous contacter. Si Nous d\u00e9couvrons que Nous avons collect\u00e9 des Donn\u00e9es Personnelles aupr\u00e8s de personnes de moins de 13 ans sans v\u00e9rification du consentement parental, Nous prenons des mesures pour supprimer ces informations de Nos serveurs.<\/p>\r\n<p>Si Nous devons nous appuyer sur le consentement comme base l\u00e9gale pour traiter Vos informations et que votre pays exige le consentement d'un parent, Nous pouvons exiger le consentement de Vos parents avant de collecter et d'utiliser ces informations.<\/p>\r\n<h1>Liens vers d'autres sites Web<\/h1>\r\n<p>Notre Service peut contenir des liens vers d'autres sites qui ne sont pas exploit\u00e9s par Nous. Si Vous cliquez sur un lien tiers, Vous serez dirig\u00e9 vers le site de ce tiers. Nous vous conseillons vivement de consulter la Politique de Confidentialit\u00e9 de chaque site que Vous visitez.<\/p>\r\n<p>Nous n'avons aucun contr\u00f4le sur et n'assumons aucune responsabilit\u00e9 quant au contenu, aux politiques de confidentialit\u00e9 ou aux pratiques de sites ou services tiers.<\/p>\r\n<h1>Modifications de cette Politique de Confidentialit\u00e9<\/h1>\r\n<p>Nous pouvons mettre \u00e0 jour Notre Politique de Confidentialit\u00e9 de temps \u00e0 autre. Nous vous informerons de toute modification en publiant la nouvelle Politique de Confidentialit\u00e9 sur cette page.<\/p>\r\n<p>Nous vous informerons par email et\/ou par un avis visible sur Notre Service, avant que la modification ne devienne effective, et mettrons \u00e0 jour la date de \" Derni\u00e8re mise \u00e0 jour \" en haut de cette Politique de Confidentialit\u00e9.<\/p>\r\n<p>Il est conseill\u00e9 de revoir cette Politique de Confidentialit\u00e9 p\u00e9riodiquement pour tout changement. Les modifications de cette Politique de Confidentialit\u00e9 prennent effet lorsqu'elles sont publi\u00e9es sur cette page.<\/p>\r\n<h1>Contactez-nous<\/h1>\r\n<p>Si vous avez des questions concernant cette Politique de Confidentialit\u00e9, vous pouvez nous contacter :<\/p>\r\n<ul>\r\n<li>Par email : andrew@sannytelecom.com<\/li>\r\n<\/ul>\t\t\t\t<\/div>\n\t\t\t\t<\/div>\n\t\t\t\t\t<\/div>\n\t\t<\/div>\n\t\t\t\t\t<\/div>\n\t\t<\/section>\n\t\t\t\t<\/div>","protected":false},"excerpt":{"rendered":"<p>Sanny Telecom&#8217;s Privacy Policy Last updated: January 21, 2022 This Privacy Policy describes Our policies and procedures on the collection, use and disclosure of Your information when You use the Service and tells You about Your privacy rights and how the law protects You. We use Your Personal data to provide and improve the Service. [&hellip;]<\/p>\n","protected":false},"author":5,"featured_media":0,"parent":0,"menu_order":0,"comment_status":"closed","ping_status":"closed","template":"","meta":{"_acf_changed":false,"_seopress_robots_primary_cat":"","_seopress_titles_title":"","_seopress_titles_desc":"","_seopress_robots_index":"","footnotes":""},"class_list":["post-5924","page","type-page","status-publish"],"acf":[],"_links":{"self":[{"href":"https:\/\/www.sannytelecom.com\/fr_ca\/wp-json\/wp\/v2\/pages\/5924","targetHints":{"allow":["GET"]}}],"collection":[{"href":"https:\/\/www.sannytelecom.com\/fr_ca\/wp-json\/wp\/v2\/pages"}],"about":[{"href":"https:\/\/www.sannytelecom.com\/fr_ca\/wp-json\/wp\/v2\/types\/page"}],"author":[{"embeddable":true,"href":"https:\/\/www.sannytelecom.com\/fr_ca\/wp-json\/wp\/v2\/users\/5"}],"replies":[{"embeddable":true,"href":"https:\/\/www.sannytelecom.com\/fr_ca\/wp-json\/wp\/v2\/comments?post=5924"}],"version-history":[{"count":16,"href":"https:\/\/www.sannytelecom.com\/fr_ca\/wp-json\/wp\/v2\/pages\/5924\/revisions"}],"predecessor-version":[{"id":5962,"href":"https:\/\/www.sannytelecom.com\/fr_ca\/wp-json\/wp\/v2\/pages\/5924\/revisions\/5962"}],"wp:attachment":[{"href":"https:\/\/www.sannytelecom.com\/fr_ca\/wp-json\/wp\/v2\/media?parent=5924"}],"curies":[{"name":"wp","href":"https:\/\/api.w.org\/{rel}","templated":true}]}}