{"id":5935,"date":"2022-01-21T09:59:53","date_gmt":"2022-01-21T09:59:53","guid":{"rendered":"https:\/\/www.sannytelecom.com\/?page_id=5935"},"modified":"2022-01-21T10:10:05","modified_gmt":"2022-01-21T10:10:05","slug":"terms-and-conditions","status":"publish","type":"page","link":"https:\/\/www.sannytelecom.com\/fr_ca\/terms-and-conditions\/","title":{"rendered":"Termes et Conditions"},"content":{"rendered":"<div data-elementor-type=\"wp-page\" data-elementor-id=\"5935\" class=\"elementor elementor-5935\" data-elementor-post-type=\"page\">\n\t\t\t\t\t\t<section class=\"has_ae_slider elementor-section elementor-top-section elementor-element elementor-element-cfebf5f elementor-section-boxed elementor-section-height-default elementor-section-height-default ae-bg-gallery-type-default\" data-id=\"cfebf5f\" data-element_type=\"section\" data-e-type=\"section\" data-settings=\"{&quot;background_background&quot;:&quot;classic&quot;}\">\n\t\t\t\t\t\t<div class=\"elementor-container elementor-column-gap-default\">\n\t\t\t\t\t<div class=\"has_ae_slider elementor-column elementor-col-100 elementor-top-column elementor-element elementor-element-a59423b ae-bg-gallery-type-default\" data-id=\"a59423b\" data-element_type=\"column\" data-e-type=\"column\" data-settings=\"{&quot;background_background&quot;:&quot;classic&quot;}\">\n\t\t\t<div class=\"elementor-widget-wrap elementor-element-populated\">\n\t\t\t\t\t\t<div class=\"elementor-element elementor-element-cc8aedd elementor-widget elementor-widget-html\" data-id=\"cc8aedd\" data-element_type=\"widget\" data-e-type=\"widget\" data-widget_type=\"html.default\">\n\t\t\t\t<div class=\"elementor-widget-container\">\n\t\t\t\t\t<h2><strong>Termes et Conditions<\/strong><\/h2>\r\n\r\n<p>Bienvenue chez Sanny Telecom !<\/p>\r\n\r\n<p>Les termes et conditions ci-dessous d\u00e9crivent les r\u00e8gles et r\u00e9glementations pour l'utilisation du site Web de Sanny Telecom Equipment Co.,Ltd, situ\u00e9 \u00e0 l'adresse https:\/\/www.sannytelecom.com\/.<\/p>\r\n\r\n<p>En acc\u00e9dant \u00e0 ce site Web, nous supposons que vous acceptez ces termes et conditions. Ne continuez pas \u00e0 utiliser Sanny Telecom si vous n'acceptez pas tous les termes et conditions \u00e9nonc\u00e9s sur cette page.<\/p>\r\n\r\n<p>La terminologie suivante s'applique \u00e0 ces Termes et Conditions, D\u00e9claration de Confidentialit\u00e9 et Avis de Non-responsabilit\u00e9 ainsi qu'\u00e0 tous les accords : \"Client\", \"Vous\" et \"Votre\" d\u00e9signent vous, la personne qui se connecte \u00e0 ce site Web et conforme aux termes et conditions de la soci\u00e9t\u00e9. \"La Soci\u00e9t\u00e9\", \"Nous\", \"Notre\" et \"Nos\", d\u00e9signent notre soci\u00e9t\u00e9. \"Partie\", \"Parties\" ou \"Nous\", d\u00e9signent \u00e0 la fois le Client et nous-m\u00eames. Tous les termes se r\u00e9f\u00e8rent \u00e0 l'offre, \u00e0 l'acceptation et \u00e0 la consid\u00e9ration du paiement n\u00e9cessaires pour entreprendre le processus de notre assistance au Client de la mani\u00e8re la plus appropri\u00e9e dans le but expr\u00e8s de r\u00e9pondre aux besoins du Client en ce qui concerne la fourniture des services d\u00e9clar\u00e9s de la soci\u00e9t\u00e9, conform\u00e9ment \u00e0 la l\u00e9gislation en vigueur en France. Toute utilisation de la terminologie ci-dessus ou d'autres mots au singulier, au pluriel, avec majuscule et\/ou he\/she ou they, sont consid\u00e9r\u00e9s comme interchangeables et se r\u00e9f\u00e8rent donc au m\u00eame.<\/p>\r\n\r\n<h3><strong>Cookies<\/strong><\/h3>\r\n\r\n<p>Nous utilisons des cookies. En acc\u00e9dant \u00e0 Sanny Telecom, vous acceptez l'utilisation de cookies conform\u00e9ment \u00e0 la Politique de Confidentialit\u00e9 de Sanny Telecom Equipment Co.,Ltd. <\/p>\r\n\r\n<p>La plupart des sites Web interactifs utilisent des cookies pour nous permettre de r\u00e9cup\u00e9rer les d\u00e9tails de l'utilisateur \u00e0 chaque visite. Les cookies sont utilis\u00e9s par notre site Web pour permettre la fonctionnalit\u00e9 de certaines zones afin de faciliter la navigation des visiteurs. Certains de nos partenaires affili\u00e9s\/publicitaires peuvent \u00e9galement utiliser des cookies.<\/p>\r\n\r\n<h3><strong>Licence<\/strong><\/h3>\r\n\r\n<p>Sauf indication contraire, Sanny Telecom Equipment Co.,Ltd et\/ou ses conc\u00e9dants de licence d\u00e9tiennent les droits de propri\u00e9t\u00e9 intellectuelle pour tout le mat\u00e9riel sur Sanny Telecom. Tous les droits de propri\u00e9t\u00e9 intellectuelle sont r\u00e9serv\u00e9s. Vous pouvez acc\u00e9der \u00e0 ce contenu depuis Sanny Telecom pour votre usage personnel, sous r\u00e9serve des restrictions \u00e9nonc\u00e9es dans ces termes et conditions.<\/p>\r\n\r\n<p>Vous ne devez pas :<\/p>\r\n<ul>\r\n    <li>Repubier du contenu de Sanny Telecom<\/li>\r\n    <li>Vendre, louer ou sous-licencier du contenu de Sanny Telecom<\/li>\r\n    <li>Reproduire, dupliquer ou copier du contenu de Sanny Telecom<\/li>\r\n    <li>Redistribuer le contenu de Sanny Telecom<\/li>\r\n<\/ul>\r\n\r\n<p>Ce Contrat commencera \u00e0 la date des pr\u00e9sentes. Nos Termes et Conditions ont \u00e9t\u00e9 cr\u00e9\u00e9s avec l'aide du <a href=\"https:\/\/www.privacypolicies.com\/blog\/sample-terms-conditions-template\/\">Mod\u00e8le de Termes et Conditions<\/a>.<\/p>\r\n\r\n<p>Certaines parties de ce site Web offrent aux utilisateurs la possibilit\u00e9 de publier et d'\u00e9changer des opinions et des informations dans certaines zones du site. Sanny Telecom Equipment Co.,Ltd ne filtre, n'\u00e9dite, ne publie ni ne r\u00e9vise les Commentaires avant leur pr\u00e9sence sur le site. Les Commentaires ne refl\u00e8tent pas les vues et opinions de Sanny Telecom Equipment Co.,Ltd, de ses agents et\/ou affili\u00e9s. Les Commentaires refl\u00e8tent les opinions de la personne qui publie ses vues et opinions. Dans la mesure permise par la l\u00e9gislation applicable, Sanny Telecom Equipment Co.,Ltd ne sera pas responsable des Commentaires ni de toute responsabilit\u00e9, dommage ou d\u00e9pense caus\u00e9s et\/ou subis \u00e0 la suite de toute utilisation, publication ou apparition des Commentaires sur ce site.<\/p>\r\n\r\n<p>Sanny Telecom Equipment Co.,Ltd se r\u00e9serve le droit de surveiller tous les Commentaires et de supprimer tout Commentaire pouvant \u00eatre consid\u00e9r\u00e9 comme inappropri\u00e9, offensant ou causant une violation de ces Termes et Conditions.<\/p>\r\n\r\n<p>Vous garantissez et d\u00e9clarez que :<\/p>\r\n\r\n<ul>\r\n    <li>Vous avez le droit de publier les Commentaires sur notre site Web et disposez de toutes les licences et consentements n\u00e9cessaires pour le faire ;<\/li>\r\n    <li>Les Commentaires ne portent atteinte \u00e0 aucun droit de propri\u00e9t\u00e9 intellectuelle, y compris sans limitation le droit d'auteur, le brevet ou la marque de tiers ;<\/li>\r\n    <li>Les Commentaires ne contiennent aucun mat\u00e9riel diffamatoire, calomnieux, offensant, ind\u00e9cent ou autrement ill\u00e9gal qui constituerait une invasion de la vie priv\u00e9e ;<\/li>\r\n    <li>Les Commentaires ne seront pas utilis\u00e9s pour solliciter ou promouvoir des affaires ou des coutumes, ni pour pr\u00e9senter des activit\u00e9s commerciales ou ill\u00e9gales ;.<\/li>\r\n<\/ul>\r\n\r\n<p>Vous accordez par la pr\u00e9sente \u00e0 Sanny Telecom Equipment Co., Ltd une licence non exclusive d'utiliser, de reproduire, de modifier et d'autoriser d'autres \u00e0 utiliser, reproduire et modifier vos Commentaires sous toutes formes, formats ou m\u00e9dias ;.<\/p>\r\n\r\n<h3><strong>Hyperliens vers notre contenu<\/strong><\/h3>\r\n\r\n<p>Les organisations suivantes peuvent cr\u00e9er un lien vers notre site Web sans approbation \u00e9crite pr\u00e9alable :<\/p>\r\n\r\n<ul>\r\n    <li>Les agences gouvernementales ;<\/li>\r\n    <li>Les moteurs de recherche ;<\/li>\r\n    <li>Les organisations de presse ;<\/li>\r\n    <li>Les distributeurs d'annuaires en ligne peuvent cr\u00e9er un lien vers notre site Web de la m\u00eame mani\u00e8re qu'ils cr\u00e9ent un lien vers les sites Web d'autres entreprises list\u00e9es ; et<\/li>\r\n    <li>Les entreprises accr\u00e9dit\u00e9es \u00e0 l'\u00e9chelle du syst\u00e8me, \u00e0 l'exception des organisations \u00e0 but non lucratif sollicit\u00e9es, des centres commerciaux caritatifs et des groupes de collecte de fonds caritatifs qui ne peuvent pas cr\u00e9er de lien vers notre site Web ;.<\/li>\r\n<\/ul>\r\n\r\n<p>Ces organisations peuvent cr\u00e9er un lien vers notre page d'accueil, vers des publications ou vers d'autres informations du site Web tant que le lien : (a) n'est pas de mani\u00e8re trompeuse ; (b) n'implique pas faussement un parrainage, une approbation ou une approbation de la partie cr\u00e9ant le lien et de ses produits et\/ou services ; et (c) s'int\u00e8gre dans le contexte du site de la partie cr\u00e9ant le lien ;.<\/p>\r\n\r\n<p>Nous pouvons examiner et approuver d'autres demandes de liens provenant des types d'organisations suivants :<\/p>\r\n\r\n<ul>\r\n    <li>sources d'informations grand public et\/ou commerciales g\u00e9n\u00e9ralement connues ;<\/li>\r\n    <li>sites communautaires dot.com ;<\/li>\r\n    <li>associations ou autres groupes repr\u00e9sentant des \u0153uvres caritatives ;<\/li>\r\n    <li>distributeurs d'annuaires en ligne ;<\/li>\r\n    <li>portails Internet ;<\/li>\r\n    <li>cabinet comptable, juridique et de conseil ; et<\/li>\r\n    <li>\u00e9tablissements \u00e9ducatifs et associations professionnelles.<\/li>\r\n<\/ul>\r\n\r\n<p>Nous approuverons les demandes de lien provenant de ces organisations si nous d\u00e9cidons que : (a) le lien ne nous ferait pas para\u00eetre d\u00e9favorablement envers nous-m\u00eames ou nos entreprises agr\u00e9\u00e9es ; (b) l'organisation n'a aucun ant\u00e9c\u00e9dent n\u00e9gatif avec nous ; (c) le b\u00e9n\u00e9fice pour nous de la visibilit\u00e9 du lien hypertexte compense l'absence de Sanny Telecom Equipment Co.,Ltd ; et (d) le lien est dans le contexte d'informations g\u00e9n\u00e9rales sur les ressources.<\/p>\r\n\r\n<p>Ces organisations peuvent faire un lien vers notre page d'accueil \u00e0 condition que le lien : (a) ne soit en aucune fa\u00e7on trompeur ; (b) n'implique pas faussement un parrainage, une approbation ou une recommandation de la partie qui cr\u00e9e le lien et de ses produits ou services ; et (c) s'int\u00e8gre dans le contexte du site de la partie qui cr\u00e9e le lien.<\/p>\r\n\r\n<p>Si vous faites partie des organisations list\u00e9es au paragraphe 2 ci-dessus et que vous souhaitez faire un lien vers notre site Web, vous devez nous en informer en envoyant un e-mail \u00e0 Sanny Telecom Equipment Co.,Ltd. Veuillez inclure votre nom, le nom de votre organisation, vos coordonn\u00e9es ainsi que l'URL de votre site, une liste de toute URL \u00e0 partir de laquelle vous souhaitez faire un lien vers notre site, et une liste des URL de notre site vers lesquelles vous souhaitez faire un lien. Attendez 2-3 semaines pour une r\u00e9ponse.<\/p>\r\n\r\n<p>Les organisations approuv\u00e9es peuvent faire un lien hypertexte vers notre site Web comme suit :<\/p>\r\n\r\n<ul>\r\n    <li>Par l'utilisation de notre nom d'entreprise ; ou<\/li>\r\n    <li>Par l'utilisation de l'adresse URL \u00e9tant li\u00e9e ; ou<\/li>\r\n    <li>Par l'utilisation de toute autre description de notre site Web \u00e9tant li\u00e9 qui a du sens dans le contexte et le format du contenu du site de la partie qui cr\u00e9e le lien.<\/li>\r\n<\/ul>\r\n\r\n<p>Aucune utilisation du logo ou autre \u0153uvre d'art de Sanny Telecom Equipment Co.,Ltd ne sera autoris\u00e9e pour le lien sans un accord de licence de marque.<\/p>\r\n\r\n<h3><strong>iFrames<\/strong><\/h3>\r\n\r\n<p>Sans approbation pr\u00e9alable et permission \u00e9crite, vous ne pouvez pas cr\u00e9er de cadres autour de nos pages Web qui modifient de quelque mani\u00e8re que ce soit la pr\u00e9sentation visuelle ou l'apparence de notre site Web.<\/p>\r\n\r\n<h3><strong>Responsabilit\u00e9 du contenu<\/strong><\/h3>\r\n\r\n<p>Nous ne serons pas responsables de tout contenu apparaissant sur votre site Web. Vous acceptez de nous prot\u00e9ger et de nous d\u00e9fendre contre toutes les r\u00e9clamations qui pourraient surgir sur votre site Web. Aucun lien ne doit appara\u00eetre sur un site Web qui pourrait \u00eatre interpr\u00e9t\u00e9 comme diffamatoire, obsc\u00e8ne ou criminel, ou qui enfreint, viole ou pr\u00f4ne la violation ou toute autre violation des droits d'un tiers.<\/p>\r\n\r\n<h3><strong>Votre vie priv\u00e9e<\/strong><\/h3>\r\n\r\n<p>Veuillez lire la Politique de Confidentialit\u00e9<\/p>\r\n\r\n<h3><strong>R\u00e9serve de droits<\/strong><\/h3>\r\n\r\n<p>Nous nous r\u00e9servons le droit de vous demander de supprimer tous les liens ou un lien particulier vers notre site Web. Vous acceptez de supprimer imm\u00e9diatement tous les liens vers notre site Web sur demande. Nous nous r\u00e9servons \u00e9galement le droit de modifier ces termes et conditions ainsi que notre politique de cr\u00e9ation de liens \u00e0 tout moment. En continuant \u00e0 faire un lien vers notre site Web, vous acceptez d'\u00eatre li\u00e9 par ces termes et conditions de cr\u00e9ation de liens.<\/p>\r\n\r\n<h3><strong>Suppression de liens de notre site Web<\/strong><\/h3>\r\n\r\n<p>Si vous trouvez un lien sur notre site Web qui est offensant pour quelque raison que ce soit, vous \u00eates libre de nous contacter et de nous en informer \u00e0 tout moment. Nous examinerons les demandes de suppression de liens mais ne sommes pas oblig\u00e9s de le faire ou de vous r\u00e9pondre directement.<\/p>\r\n\r\n<p>Nous ne garantissons pas que les informations sur ce site Web soient correctes, nous ne garantissons pas leur exhaustivit\u00e9 ou leur pr\u00e9cision ; ni ne promettons que le site Web restera disponible ou que le mat\u00e9riel sur le site Web sera \u00e0 jour.<\/p>\r\n\r\n<h3><strong>Avertissement<\/strong><\/h3>\r\n\r\n<p>Dans la mesure maximale permise par la loi applicable, nous excluons toutes les repr\u00e9sentations, garanties et conditions relatives \u00e0 notre site Web et \u00e0 l'utilisation de celui-ci. Rien dans cet avertissement ne:<\/p>\r\n\r\n<ul>\r\n    <li>limite ou n'exclut notre responsabilit\u00e9 ou votre responsabilit\u00e9 en cas de d\u00e9c\u00e8s ou de blessure personnelle ;<\/li>\r\n    <li>limite ou n'exclut notre responsabilit\u00e9 ou votre responsabilit\u00e9 en cas de fraude ou de fausse d\u00e9claration frauduleuse ;<\/li>\r\n    <li>limite l'une de nos responsabilit\u00e9s ou responsabilit\u00e9s en aucune mani\u00e8re qui ne serait pas permise par la loi applicable ; ou<\/li>\r\n    <li>exclut toute responsabilit\u00e9 ou responsabilit\u00e9 qui ne pourrait pas \u00eatre exclue en vertu de la loi applicable.<\/li>\r\n<\/ul>\r\n\r\n<p>Les limitations et prohibitions de responsabilit\u00e9 \u00e9nonc\u00e9es dans cette section et ailleurs dans cet avertissement : (a) sont soumises au paragraphe pr\u00e9c\u00e9dent ; et (b) r\u00e9gissent toutes les responsabilit\u00e9s d\u00e9coulant de l'avertissement, y compris celles r\u00e9sultant d'un contrat, d'un d\u00e9lit et d'une violation d'une obligation l\u00e9gale.<\/p>\r\n\r\n<p>Tant que le site Web et les informations et services sur le site sont fournis gratuitement, nous ne serons pas responsables de toute perte ou dommage de quelque nature que ce soit.<\/p>\t\t\t\t<\/div>\n\t\t\t\t<\/div>\n\t\t\t\t\t<\/div>\n\t\t<\/div>\n\t\t\t\t\t<\/div>\n\t\t<\/section>\n\t\t\t\t<\/div>","protected":false},"excerpt":{"rendered":"<p>Terms and Conditions Welcome to Sanny Telecom! These terms and conditions outline the rules and regulations for the use of Sanny Telecom Equipment Co.,Ltd&#8217;s Website, located at https:\/\/www.sannytelecom.com\/. By accessing this website we assume you accept these terms and conditions. Do not continue to use Sanny Telecom if you do not agree to take all [&hellip;]<\/p>\n","protected":false},"author":5,"featured_media":0,"parent":0,"menu_order":0,"comment_status":"closed","ping_status":"closed","template":"","meta":{"_acf_changed":false,"_seopress_robots_primary_cat":"","_seopress_titles_title":"","_seopress_titles_desc":"","_seopress_robots_index":"","footnotes":""},"class_list":["post-5935","page","type-page","status-publish"],"acf":[],"_links":{"self":[{"href":"https:\/\/www.sannytelecom.com\/fr_ca\/wp-json\/wp\/v2\/pages\/5935","targetHints":{"allow":["GET"]}}],"collection":[{"href":"https:\/\/www.sannytelecom.com\/fr_ca\/wp-json\/wp\/v2\/pages"}],"about":[{"href":"https:\/\/www.sannytelecom.com\/fr_ca\/wp-json\/wp\/v2\/types\/page"}],"author":[{"embeddable":true,"href":"https:\/\/www.sannytelecom.com\/fr_ca\/wp-json\/wp\/v2\/users\/5"}],"replies":[{"embeddable":true,"href":"https:\/\/www.sannytelecom.com\/fr_ca\/wp-json\/wp\/v2\/comments?post=5935"}],"version-history":[{"count":13,"href":"https:\/\/www.sannytelecom.com\/fr_ca\/wp-json\/wp\/v2\/pages\/5935\/revisions"}],"predecessor-version":[{"id":5952,"href":"https:\/\/www.sannytelecom.com\/fr_ca\/wp-json\/wp\/v2\/pages\/5935\/revisions\/5952"}],"wp:attachment":[{"href":"https:\/\/www.sannytelecom.com\/fr_ca\/wp-json\/wp\/v2\/media?parent=5935"}],"curies":[{"name":"wp","href":"https:\/\/api.w.org\/{rel}","templated":true}]}}